{"id":944,"date":"2021-04-19T21:05:57","date_gmt":"2021-04-19T21:05:57","guid":{"rendered":"https:\/\/www.creoinnova.com\/?page_id=944"},"modified":"2021-05-06T10:24:06","modified_gmt":"2021-05-06T10:24:06","slug":"supporting-clean-environment","status":"publish","type":"page","link":"https:\/\/www.creoinnova.com\/cs\/supporting-clean-environment\/","title":{"rendered":"Podporujeme \u010dist\u00e9 \u017eivotn\u00ed prost\u0159ed\u00ed"},"content":{"rendered":"<div data-elementor-type=\"wp-page\" data-elementor-id=\"944\" class=\"elementor elementor-944\">\n\t\t\t\t\t\t\t\t\t<section class=\"elementor-section elementor-top-section elementor-element elementor-element-079c902 elementor-section-boxed elementor-section-height-default elementor-section-height-default\" data-id=\"079c902\" data-element_type=\"section\" data-settings=\"{&quot;background_background&quot;:&quot;classic&quot;}\" data-e-bg-lazyload=\"\">\n\t\t\t\t\t\t\t<div class=\"elementor-background-overlay\"><\/div>\n\t\t\t\t\t\t\t<div class=\"elementor-container elementor-column-gap-default\">\n\t\t\t\t\t<div class=\"elementor-column elementor-col-33 elementor-top-column elementor-element elementor-element-67ce378\" data-id=\"67ce378\" data-element_type=\"column\">\n\t\t\t<div class=\"elementor-widget-wrap\">\n\t\t\t\t\t\t\t\t\t<\/div>\n\t\t<\/div>\n\t\t\t\t<div class=\"elementor-column elementor-col-33 elementor-top-column elementor-element elementor-element-25d1c48\" data-id=\"25d1c48\" data-element_type=\"column\">\n\t\t\t<div class=\"elementor-widget-wrap elementor-element-populated\">\n\t\t\t\t\t\t\t\t<div class=\"elementor-element elementor-element-22464ac elementor-widget elementor-widget-heading\" data-id=\"22464ac\" data-element_type=\"widget\" data-widget_type=\"heading.default\">\n\t\t\t\t<div class=\"elementor-widget-container\">\n\t\t\t<style>\/*! elementor - v3.15.0 - 20-08-2023 *\/\n.elementor-heading-title{padding:0;margin:0;line-height:1}.elementor-widget-heading .elementor-heading-title[class*=elementor-size-]>a{color:inherit;font-size:inherit;line-height:inherit}.elementor-widget-heading .elementor-heading-title.elementor-size-small{font-size:15px}.elementor-widget-heading .elementor-heading-title.elementor-size-medium{font-size:19px}.elementor-widget-heading .elementor-heading-title.elementor-size-large{font-size:29px}.elementor-widget-heading .elementor-heading-title.elementor-size-xl{font-size:39px}.elementor-widget-heading .elementor-heading-title.elementor-size-xxl{font-size:59px}<\/style><h1 class=\"elementor-heading-title elementor-size-default\">Podporujeme \u010dist\u00e9 \u017eivotn\u00ed prost\u0159ed\u00ed<\/h1>\t\t<\/div>\n\t\t\t\t<\/div>\n\t\t\t\t\t<\/div>\n\t\t<\/div>\n\t\t\t\t<div class=\"elementor-column elementor-col-33 elementor-top-column elementor-element elementor-element-9b59ed3\" data-id=\"9b59ed3\" data-element_type=\"column\">\n\t\t\t<div class=\"elementor-widget-wrap\">\n\t\t\t\t\t\t\t\t\t<\/div>\n\t\t<\/div>\n\t\t\t\t\t\t\t<\/div>\n\t\t<\/section>\n\t\t\t\t<section class=\"elementor-section elementor-top-section elementor-element elementor-element-8e81648 elementor-section-boxed elementor-section-height-default elementor-section-height-default\" data-id=\"8e81648\" data-element_type=\"section\">\n\t\t\t\t\t\t<div class=\"elementor-container elementor-column-gap-default\">\n\t\t\t\t\t<div class=\"elementor-column elementor-col-100 elementor-top-column elementor-element elementor-element-245a12c\" data-id=\"245a12c\" data-element_type=\"column\">\n\t\t\t<div class=\"elementor-widget-wrap elementor-element-populated\">\n\t\t\t\t\t\t\t\t<section class=\"elementor-section elementor-inner-section elementor-element elementor-element-d6aff55 elementor-section-boxed elementor-section-height-default elementor-section-height-default\" data-id=\"d6aff55\" data-element_type=\"section\">\n\t\t\t\t\t\t<div class=\"elementor-container elementor-column-gap-default\">\n\t\t\t\t\t<div class=\"elementor-column elementor-col-50 elementor-inner-column elementor-element elementor-element-22a5cb5\" data-id=\"22a5cb5\" data-element_type=\"column\">\n\t\t\t<div class=\"elementor-widget-wrap elementor-element-populated\">\n\t\t\t\t\t\t\t\t<div class=\"elementor-element elementor-element-2ed21db elementor-widget elementor-widget-heading\" data-id=\"2ed21db\" data-element_type=\"widget\" data-widget_type=\"heading.default\">\n\t\t\t\t<div class=\"elementor-widget-container\">\n\t\t\t<h6 class=\"elementor-heading-title elementor-size-default\">Prost\u0159ed\u00ed<\/h6>\t\t<\/div>\n\t\t\t\t<\/div>\n\t\t\t\t\t<\/div>\n\t\t<\/div>\n\t\t\t\t<div class=\"elementor-column elementor-col-50 elementor-inner-column elementor-element elementor-element-993af12\" data-id=\"993af12\" data-element_type=\"column\">\n\t\t\t<div class=\"elementor-widget-wrap elementor-element-populated\">\n\t\t\t\t\t\t\t\t<div class=\"elementor-element elementor-element-8291c26 elementor-widget-divider--view-line elementor-widget elementor-widget-divider\" data-id=\"8291c26\" data-element_type=\"widget\" data-widget_type=\"divider.default\">\n\t\t\t\t<div class=\"elementor-widget-container\">\n\t\t\t<style>\/*! elementor - v3.15.0 - 20-08-2023 *\/\n.elementor-widget-divider{--divider-border-style:none;--divider-border-width:1px;--divider-color:#0c0d0e;--divider-icon-size:20px;--divider-element-spacing:10px;--divider-pattern-height:24px;--divider-pattern-size:20px;--divider-pattern-url:none;--divider-pattern-repeat:repeat-x}.elementor-widget-divider .elementor-divider{display:flex}.elementor-widget-divider .elementor-divider__text{font-size:15px;line-height:1;max-width:95%}.elementor-widget-divider .elementor-divider__element{margin:0 var(--divider-element-spacing);flex-shrink:0}.elementor-widget-divider .elementor-icon{font-size:var(--divider-icon-size)}.elementor-widget-divider .elementor-divider-separator{display:flex;margin:0;direction:ltr}.elementor-widget-divider--view-line_icon .elementor-divider-separator,.elementor-widget-divider--view-line_text .elementor-divider-separator{align-items:center}.elementor-widget-divider--view-line_icon .elementor-divider-separator:after,.elementor-widget-divider--view-line_icon .elementor-divider-separator:before,.elementor-widget-divider--view-line_text .elementor-divider-separator:after,.elementor-widget-divider--view-line_text .elementor-divider-separator:before{display:block;content:\"\";border-bottom:0;flex-grow:1;border-top:var(--divider-border-width) var(--divider-border-style) var(--divider-color)}.elementor-widget-divider--element-align-left .elementor-divider .elementor-divider-separator>.elementor-divider__svg:first-of-type{flex-grow:0;flex-shrink:100}.elementor-widget-divider--element-align-left .elementor-divider-separator:before{content:none}.elementor-widget-divider--element-align-left .elementor-divider__element{margin-left:0}.elementor-widget-divider--element-align-right .elementor-divider .elementor-divider-separator>.elementor-divider__svg:last-of-type{flex-grow:0;flex-shrink:100}.elementor-widget-divider--element-align-right .elementor-divider-separator:after{content:none}.elementor-widget-divider--element-align-right .elementor-divider__element{margin-right:0}.elementor-widget-divider:not(.elementor-widget-divider--view-line_text):not(.elementor-widget-divider--view-line_icon) .elementor-divider-separator{border-top:var(--divider-border-width) var(--divider-border-style) var(--divider-color)}.elementor-widget-divider--separator-type-pattern{--divider-border-style:none}.elementor-widget-divider--separator-type-pattern.elementor-widget-divider--view-line .elementor-divider-separator,.elementor-widget-divider--separator-type-pattern:not(.elementor-widget-divider--view-line) .elementor-divider-separator:after,.elementor-widget-divider--separator-type-pattern:not(.elementor-widget-divider--view-line) .elementor-divider-separator:before,.elementor-widget-divider--separator-type-pattern:not([class*=elementor-widget-divider--view]) .elementor-divider-separator{width:100%;min-height:var(--divider-pattern-height);-webkit-mask-size:var(--divider-pattern-size) 100%;mask-size:var(--divider-pattern-size) 100%;-webkit-mask-repeat:var(--divider-pattern-repeat);mask-repeat:var(--divider-pattern-repeat);background-color:var(--divider-color);-webkit-mask-image:var(--divider-pattern-url);mask-image:var(--divider-pattern-url)}.elementor-widget-divider--no-spacing{--divider-pattern-size:auto}.elementor-widget-divider--bg-round{--divider-pattern-repeat:round}.rtl .elementor-widget-divider .elementor-divider__text{direction:rtl}.e-con-inner>.elementor-widget-divider,.e-con>.elementor-widget-divider{width:var(--container-widget-width,100%);--flex-grow:var(--container-widget-flex-grow)}<\/style>\t\t<div class=\"elementor-divider\">\n\t\t\t<span class=\"elementor-divider-separator\">\n\t\t\t\t\t\t<\/span>\n\t\t<\/div>\n\t\t\t\t<\/div>\n\t\t\t\t<\/div>\n\t\t\t\t\t<\/div>\n\t\t<\/div>\n\t\t\t\t\t\t\t<\/div>\n\t\t<\/section>\n\t\t\t\t<div class=\"elementor-element elementor-element-92d2ed6 elementor-widget elementor-widget-heading\" data-id=\"92d2ed6\" data-element_type=\"widget\" data-widget_type=\"heading.default\">\n\t\t\t\t<div class=\"elementor-widget-container\">\n\t\t\t<h2 class=\"elementor-heading-title elementor-size-default\">Jezd\u00edme elektricky <\/h2>\t\t<\/div>\n\t\t\t\t<\/div>\n\t\t\t\t<div class=\"elementor-element elementor-element-abbd51d elementor-widget elementor-widget-text-editor\" data-id=\"abbd51d\" data-element_type=\"widget\" data-widget_type=\"text-editor.default\">\n\t\t\t\t<div class=\"elementor-widget-container\">\n\t\t\t<style>\/*! elementor - v3.15.0 - 20-08-2023 *\/\n.elementor-widget-text-editor.elementor-drop-cap-view-stacked .elementor-drop-cap{background-color:#69727d;color:#fff}.elementor-widget-text-editor.elementor-drop-cap-view-framed .elementor-drop-cap{color:#69727d;border:3px solid;background-color:transparent}.elementor-widget-text-editor:not(.elementor-drop-cap-view-default) .elementor-drop-cap{margin-top:8px}.elementor-widget-text-editor:not(.elementor-drop-cap-view-default) .elementor-drop-cap-letter{width:1em;height:1em}.elementor-widget-text-editor .elementor-drop-cap{float:left;text-align:center;line-height:1;font-size:50px}.elementor-widget-text-editor .elementor-drop-cap-letter{display:inline-block}<\/style>\t\t\t\t<p>V na\u0161\u00ed spole\u010dnosti podporujeme obnoviteln\u00e9 zdroje energie a \u010distou dopravu. Pou\u017e\u00edv\u00e1n\u00edm pln\u011b elektrick\u00fdch aut bychom r\u00e1di p\u0159isp\u011bli k budouc\u00edmu \u010dist\u00e9mu \u017eivotn\u00edmu prost\u0159ed\u00ed. Proto jsme zakoupili pln\u011b elektrick\u00fd v\u016fz (BEV) za pomoci dotace Evropsk\u00e9 Unie.<\/p>\t\t\t\t\t\t<\/div>\n\t\t\t\t<\/div>\n\t\t\t\t<section class=\"elementor-section elementor-inner-section elementor-element elementor-element-e9799fb elementor-section-boxed elementor-section-height-default elementor-section-height-default\" data-id=\"e9799fb\" data-element_type=\"section\">\n\t\t\t\t\t\t<div class=\"elementor-container elementor-column-gap-default\">\n\t\t\t\t\t<div class=\"elementor-column elementor-col-50 elementor-inner-column elementor-element elementor-element-d670283\" data-id=\"d670283\" data-element_type=\"column\">\n\t\t\t<div class=\"elementor-widget-wrap elementor-element-populated\">\n\t\t\t\t\t\t\t\t<div class=\"elementor-element elementor-element-6e01b14 elementor-widget elementor-widget-image\" data-id=\"6e01b14\" data-element_type=\"widget\" data-widget_type=\"image.default\">\n\t\t\t\t<div class=\"elementor-widget-container\">\n\t\t\t<style>\/*! elementor - v3.15.0 - 20-08-2023 *\/\n.elementor-widget-image{text-align:center}.elementor-widget-image a{display:inline-block}.elementor-widget-image a img[src$=\".svg\"]{width:48px}.elementor-widget-image img{vertical-align:middle;display:inline-block}<\/style>\t\t\t\t\t\t\t\t\t\t\t\t<img loading=\"lazy\" decoding=\"async\" width=\"1024\" height=\"657\" src=\"https:\/\/www.creoinnova.com\/wp-content\/uploads\/2021\/04\/LadysTeslou-TM3LR-1024x657.jpg\" class=\"attachment-large size-large wp-image-551\" alt=\"Supporting clean environment using Tesla cars\" srcset=\"https:\/\/www.creoinnova.com\/wp-content\/uploads\/2021\/04\/LadysTeslou-TM3LR-1024x657.jpg 1024w, https:\/\/www.creoinnova.com\/wp-content\/uploads\/2021\/04\/LadysTeslou-TM3LR-300x192.jpg 300w, https:\/\/www.creoinnova.com\/wp-content\/uploads\/2021\/04\/LadysTeslou-TM3LR-768x492.jpg 768w, https:\/\/www.creoinnova.com\/wp-content\/uploads\/2021\/04\/LadysTeslou-TM3LR-1536x985.jpg 1536w, https:\/\/www.creoinnova.com\/wp-content\/uploads\/2021\/04\/LadysTeslou-TM3LR-2048x1313.jpg 2048w, https:\/\/www.creoinnova.com\/wp-content\/uploads\/2021\/04\/LadysTeslou-TM3LR-scaled-e1617535230831.jpg 800w\" sizes=\"auto, (max-width: 1024px) 100vw, 1024px\" \/>\t\t\t\t\t\t\t\t\t\t\t\t\t\t\t<\/div>\n\t\t\t\t<\/div>\n\t\t\t\t<div class=\"elementor-element elementor-element-11e47c2 elementor-widget elementor-widget-image\" data-id=\"11e47c2\" data-element_type=\"widget\" data-widget_type=\"image.default\">\n\t\t\t\t<div class=\"elementor-widget-container\">\n\t\t\t\t\t\t\t\t\t\t\t\t\t\t\t<img loading=\"lazy\" decoding=\"async\" width=\"794\" height=\"211\" src=\"https:\/\/www.creoinnova.com\/wp-content\/uploads\/2021\/04\/Loga-EU-MPO.jpg\" class=\"attachment-large size-large wp-image-947\" alt=\"\" srcset=\"https:\/\/www.creoinnova.com\/wp-content\/uploads\/2021\/04\/Loga-EU-MPO.jpg 794w, https:\/\/www.creoinnova.com\/wp-content\/uploads\/2021\/04\/Loga-EU-MPO-300x80.jpg 300w, https:\/\/www.creoinnova.com\/wp-content\/uploads\/2021\/04\/Loga-EU-MPO-768x204.jpg 768w\" sizes=\"auto, (max-width: 794px) 100vw, 794px\" \/>\t\t\t\t\t\t\t\t\t\t\t\t\t\t\t<\/div>\n\t\t\t\t<\/div>\n\t\t\t\t\t<\/div>\n\t\t<\/div>\n\t\t\t\t<div class=\"elementor-column elementor-col-50 elementor-inner-column elementor-element elementor-element-e24051e\" data-id=\"e24051e\" data-element_type=\"column\">\n\t\t\t<div class=\"elementor-widget-wrap elementor-element-populated\">\n\t\t\t\t\t\t\t\t<div class=\"elementor-element elementor-element-eb4aad2 elementor-widget elementor-widget-heading\" data-id=\"eb4aad2\" data-element_type=\"widget\" data-widget_type=\"heading.default\">\n\t\t\t\t<div class=\"elementor-widget-container\">\n\t\t\t<h3 class=\"elementor-heading-title elementor-size-default\">N\u00e1kup elektromobilu Tesla Model 3<\/h3>\t\t<\/div>\n\t\t\t\t<\/div>\n\t\t\t\t<div class=\"elementor-element elementor-element-49f3228 elementor-widget elementor-widget-text-editor\" data-id=\"49f3228\" data-element_type=\"widget\" data-widget_type=\"text-editor.default\">\n\t\t\t\t<div class=\"elementor-widget-container\">\n\t\t\t\t\t\t\t<p><i>N\u00e1zev programu:<\/i> Podnik\u00e1n\u00ed a inovace pro konkurenceschopnost 2014-2020 (OP PIK) z Evropsk\u00e9ho fondu pro region\u00e1ln\u00ed rozvoj<br \/><span style=\"font-weight: inherit;\"><i>N\u00e1zev projektu:<\/i><\/span><span style=\"font-style: inherit; font-weight: inherit;\"> Po\u0159\u00edzen\u00ed elektromobilu pro firmu Creo Innova s.r.o.<br \/><\/span><span style=\"font-weight: inherit;\"><i>Jm\u00e9no \u017eadatele: <\/i><\/span><span style=\"font-style: inherit; font-weight: inherit;\">Creo Innova s.r.o.<br \/><\/span><span style=\"font-weight: inherit;\"><i>Term\u00edn realizace:<\/i><\/span><span style=\"font-style: inherit; font-weight: inherit;\"> 18.10.2020 - 18.3.2021<br \/><\/span><span style=\"font-weight: inherit;\"><i>Zp\u016fsobil\u00e9 v\u00fddaje:<\/i><\/span><span style=\"font-style: inherit; font-weight: inherit;\"> 1,175,366.22 K\u010d<br \/><\/span><span style=\"font-weight: inherit;\"><i>V\u00fd\u0161e dotace: 352 609,86 K\u010d<\/i><\/span><span style=\"font-style: inherit; font-weight: inherit;\">\u00a0K\u010d\u00a0<\/span><\/p><p><span style=\"font-weight: inherit;\"><i>Popis projektu:<\/i><\/span><span style=\"font-style: inherit; font-weight: inherit;\"> C\u00edlem projektu je zaveden\u00ed inovativn\u00ed technologie n\u00edzkouhl\u00edkov\u00e9 dopravy ve spole\u010dnosti \u017eadatele a vyu\u017eit\u00ed zp\u016fsobu \u010dist\u00e9 dopravy. \u017dadatel usiluje o roz\u0161\u00ed\u0159en\u00ed sv\u00e9ho vozov\u00e9ho parku o vozidlo na elektrick\u00fd pohon. Spole\u010dnost utv\u00e1\u0159\u00ed svoji strategii se z\u00e1m\u011brem sni\u017eovat uhl\u00edkovou stopu. Elektromobil umo\u017en\u00ed sn\u00ed\u017een\u00ed n\u00e1klad\u016f na cesty za z\u00e1kazn\u00edky a dodavateli, a sn\u00ed\u017een\u00ed n\u00e1klad\u016f na \u00fadr\u017ebu vozidla.<\/span><\/p><p><span style=\"font-weight: inherit;\"><i>Z\u00e1v\u011bry a v\u00fdsledky:<\/i><\/span><span style=\"font-style: inherit; font-weight: inherit;\"> Spole\u010dnost zakoupila v roce 2021 elektromobil Tesla Model 3 LR.<\/span><\/p>\t\t\t\t\t\t<\/div>\n\t\t\t\t<\/div>\n\t\t\t\t\t<\/div>\n\t\t<\/div>\n\t\t\t\t\t\t\t<\/div>\n\t\t<\/section>\n\t\t\t\t\t<\/div>\n\t\t<\/div>\n\t\t\t\t\t\t\t<\/div>\n\t\t<\/section>\n\t\t\t\t<section class=\"elementor-section elementor-top-section elementor-element elementor-element-794dd7b elementor-section-boxed elementor-section-height-default elementor-section-height-default\" data-id=\"794dd7b\" data-element_type=\"section\" data-settings=\"{&quot;background_background&quot;:&quot;classic&quot;}\">\n\t\t\t\t\t\t<div class=\"elementor-container elementor-column-gap-default\">\n\t\t\t\t\t<div class=\"elementor-column elementor-col-100 elementor-top-column elementor-element elementor-element-d7e5948\" data-id=\"d7e5948\" data-element_type=\"column\">\n\t\t\t<div class=\"elementor-widget-wrap elementor-element-populated\">\n\t\t\t\t\t\t\t\t<div class=\"elementor-element elementor-element-4e9d5fc elementor-widget elementor-widget-heading\" data-id=\"4e9d5fc\" data-element_type=\"widget\" data-widget_type=\"heading.default\">\n\t\t\t\t<div class=\"elementor-widget-container\">\n\t\t\t<h3 class=\"elementor-heading-title elementor-size-default\">Zjist\u011bte v\u00edce o n\u00e1mi nab\u00edzen\u00fdch slu\u017eb\u00e1ch..<\/h3>\t\t<\/div>\n\t\t\t\t<\/div>\n\t\t\t\t<section class=\"elementor-section elementor-inner-section elementor-element elementor-element-89ee782 elementor-section-boxed elementor-section-height-default elementor-section-height-default\" data-id=\"89ee782\" data-element_type=\"section\">\n\t\t\t\t\t\t<div class=\"elementor-container elementor-column-gap-default\">\n\t\t\t\t\t<div class=\"elementor-column elementor-col-100 elementor-inner-column elementor-element elementor-element-02daa18\" data-id=\"02daa18\" data-element_type=\"column\">\n\t\t\t<div class=\"elementor-widget-wrap elementor-element-populated\">\n\t\t\t\t\t\t\t\t<div class=\"elementor-element elementor-element-84039e1 elementor-widget elementor-widget-text-editor\" data-id=\"84039e1\" data-element_type=\"widget\" data-widget_type=\"text-editor.default\">\n\t\t\t\t<div class=\"elementor-widget-container\">\n\t\t\t\t\t\t\t\t\t\t\t\t\t<\/div>\n\t\t\t\t<\/div>\n\t\t\t\t<div class=\"elementor-element elementor-element-f4fcd54 elementor-align-center elementor-widget elementor-widget-button\" data-id=\"f4fcd54\" data-element_type=\"widget\" data-widget_type=\"button.default\">\n\t\t\t\t<div class=\"elementor-widget-container\">\n\t\t\t\t\t<div class=\"elementor-button-wrapper\">\n\t\t\t<a class=\"elementor-button elementor-button-link elementor-size-sm\" href=\"https:\/\/www.creoinnova.com\/cs\/services\/\">\n\t\t\t\t\t\t<span class=\"elementor-button-content-wrapper\">\n\t\t\t\t\t\t<span class=\"elementor-button-text\">V\u00edce<\/span>\n\t\t<\/span>\n\t\t\t\t\t<\/a>\n\t\t<\/div>\n\t\t\t\t<\/div>\n\t\t\t\t<\/div>\n\t\t\t\t\t<\/div>\n\t\t<\/div>\n\t\t\t\t\t\t\t<\/div>\n\t\t<\/section>\n\t\t\t\t\t<\/div>\n\t\t<\/div>\n\t\t\t\t\t\t\t<\/div>\n\t\t<\/section>\n\t\t\t\t<section class=\"elementor-section elementor-top-section elementor-element elementor-element-0f8a9ee elementor-section-boxed elementor-section-height-default elementor-section-height-default\" data-id=\"0f8a9ee\" data-element_type=\"section\">\n\t\t\t\t\t\t<div class=\"elementor-container elementor-column-gap-default\">\n\t\t\t\t\t<div class=\"elementor-column elementor-col-100 elementor-top-column elementor-element elementor-element-0b9e603\" data-id=\"0b9e603\" data-element_type=\"column\">\n\t\t\t<div class=\"elementor-widget-wrap\">\n\t\t\t\t\t\t\t\t\t<\/div>\n\t\t<\/div>\n\t\t\t\t\t\t\t<\/div>\n\t\t<\/section>\n\t\t\t\t\t\t\t<\/div>","protected":false},"excerpt":{"rendered":"<p>Supporting Clean Environment Environment DRIVING ELECTRIC In our company we support renewable energy and clean transportation. Using fully electric cars is our small contribution to future clean environment. For daily drives, our company has purchased a Battery Electric Vehicle (BEV) with a subsidy from European Union. Purchased Electric Car Tesla Model 3 Program Name: Podnik\u00e1n\u00ed &hellip;<\/p>\n<p class=\"read-more\"> <a class=\"\" href=\"https:\/\/www.creoinnova.com\/cs\/supporting-clean-environment\/\"> <span class=\"screen-reader-text\">Podporujeme \u010dist\u00e9 \u017eivotn\u00ed prost\u0159ed\u00ed<\/span> Pokra\u010dovat ve \u010dten\u00ed &raquo;<\/a><\/p>","protected":false},"author":1,"featured_media":0,"parent":0,"menu_order":0,"comment_status":"closed","ping_status":"closed","template":"","meta":{"site-sidebar-layout":"no-sidebar","site-content-layout":"page-builder","ast-site-content-layout":"","site-content-style":"default","site-sidebar-style":"default","ast-global-header-display":"","ast-banner-title-visibility":"","ast-main-header-display":"","ast-hfb-above-header-display":"","ast-hfb-below-header-display":"","ast-hfb-mobile-header-display":"","site-post-title":"disabled","ast-breadcrumbs-content":"","ast-featured-img":"disabled","footer-sml-layout":"","theme-transparent-header-meta":"enabled","adv-header-id-meta":"","stick-header-meta":"","header-above-stick-meta":"","header-main-stick-meta":"","header-below-stick-meta":"","astra-migrate-meta-layouts":"","footnotes":""},"class_list":["post-944","page","type-page","status-publish","hentry"],"_links":{"self":[{"href":"https:\/\/www.creoinnova.com\/cs\/wp-json\/wp\/v2\/pages\/944","targetHints":{"allow":["GET"]}}],"collection":[{"href":"https:\/\/www.creoinnova.com\/cs\/wp-json\/wp\/v2\/pages"}],"about":[{"href":"https:\/\/www.creoinnova.com\/cs\/wp-json\/wp\/v2\/types\/page"}],"author":[{"embeddable":true,"href":"https:\/\/www.creoinnova.com\/cs\/wp-json\/wp\/v2\/users\/1"}],"replies":[{"embeddable":true,"href":"https:\/\/www.creoinnova.com\/cs\/wp-json\/wp\/v2\/comments?post=944"}],"version-history":[{"count":71,"href":"https:\/\/www.creoinnova.com\/cs\/wp-json\/wp\/v2\/pages\/944\/revisions"}],"predecessor-version":[{"id":1229,"href":"https:\/\/www.creoinnova.com\/cs\/wp-json\/wp\/v2\/pages\/944\/revisions\/1229"}],"wp:attachment":[{"href":"https:\/\/www.creoinnova.com\/cs\/wp-json\/wp\/v2\/media?parent=944"}],"curies":[{"name":"wp","href":"https:\/\/api.w.org\/{rel}","templated":true}]}}